{"id":180,"date":"2017-02-21T08:32:01","date_gmt":"2017-02-21T08:32:01","guid":{"rendered":"http:\/\/snow-club.dv.themerex.net\/?page_id=180"},"modified":"2024-10-11T07:51:55","modified_gmt":"2024-10-11T07:51:55","slug":"contacts","status":"publish","type":"page","link":"https:\/\/snowteamvrsac.com\/index.php\/contacts\/","title":{"rendered":"Kontakt"},"content":{"rendered":"<div class=\"wpb-content-wrapper\"><p>[vc_row css_animation=&#8221;fadeInLeft&#8221;][vc_column][vc_empty_space height=&#8221;10.8em&#8221; alter_height=&#8221;none&#8221; hide_on_mobile=&#8221;&#8221;]<div id=\"sc_title_1381722099\"\r\n\t\tclass=\"sc_title sc_title_default\"><h6 class=\"sc_item_subtitle sc_title_subtitle sc_align_center sc_item_title_style_default  sc_item_title_tag_h2\">Kontaktiraj<\/h6><h2 class=\"sc_item_title sc_title_title sc_align_center sc_item_title_style_default sc_item_title_tag\">nas<\/h2><div class=\"sc_item_descr sc_title_descr sc_align_center\">Sportsko udru\u017eenje skija\u0161a \u201eSnow Team\u201c iz Vr\u0161ca je nevladina, nepoliti\u010dka i neprofitna sportska organizacija, osnovana kao sportsko udru\u017eenje u oblasti skijanja, snoubordinga i ekstremnih sportova.<\/div><\/div><!-- \/.sc_title -->[\/vc_column][\/vc_row][vc_row css_animation=&#8221;fadeInLeft&#8221;][vc_column width=&#8221;1\/3&#8243;][vc_empty_space height=&#8221;3.7em&#8221; alter_height=&#8221;none&#8221; hide_on_mobile=&#8221;&#8221;][vc_icon icon_fontawesome=&#8221;icon-location-1&#8243; size=&#8221;lg&#8221; align=&#8221;center&#8221;][vc_column_text]<\/p>\n<p style=\"text-align: center; font-size: 16px;\"><strong>Adresa:<\/strong><br \/>\nSterijina 12\/17, 26300 <strong>Vr\u0161ac, <\/strong>Serbia<\/p>\n<p>[\/vc_column_text][\/vc_column][vc_column width=&#8221;1\/3&#8243;][vc_empty_space height=&#8221;3.7em&#8221; alter_height=&#8221;none&#8221; hide_on_mobile=&#8221;&#8221;][vc_icon icon_fontawesome=&#8221;icon-phone&#8221; size=&#8221;lg&#8221; align=&#8221;center&#8221;][vc_column_text]<\/p>\n<p style=\"text-align: center; font-size: 16px;\"><strong>Telefon:<\/strong><br \/>\n+381648335077<\/p>\n<p>[\/vc_column_text][\/vc_column][vc_column width=&#8221;1\/3&#8243;][vc_empty_space height=&#8221;3.7em&#8221; alter_height=&#8221;none&#8221; hide_on_mobile=&#8221;&#8221;][vc_icon icon_fontawesome=&#8221;icon-mail&#8221; size=&#8221;lg&#8221; align=&#8221;center&#8221;][vc_column_text]<\/p>\n<p style=\"text-align: center; font-size: 16px;\"><strong>E-mail:<\/strong><br \/>\nmanojlo@hemo.net<\/p>\n<p>[\/vc_column_text][\/vc_column][\/vc_row][vc_row][vc_column][vc_empty_space height=&#8221;10.2em&#8221; alter_height=&#8221;none&#8221; hide_on_mobile=&#8221;&#8221;][\/vc_column][\/vc_row]<\/p>\n<\/div>","protected":false},"excerpt":{"rendered":"<p>[vc_row css_animation=&#8221;fadeInLeft&#8221;][vc_column][vc_empty_space height=&#8221;10.8em&#8221; alter_height=&#8221;none&#8221; hide_on_mobile=&#8221;&#8221;][\/vc_column][\/vc_row][vc_row css_animation=&#8221;fadeInLeft&#8221;][vc_column width=&#8221;1\/3&#8243;][vc_empty_space height=&#8221;3.7em&#8221; alter_height=&#8221;none&#8221; hide_on_mobile=&#8221;&#8221;][vc_icon icon_fontawesome=&#8221;icon-location-1&#8243; size=&#8221;lg&#8221; align=&#8221;center&#8221;][vc_column_text] Adresa: Sterijina 12\/17, 26300 Vr\u0161ac, Serbia [\/vc_column_text][\/vc_column][vc_column width=&#8221;1\/3&#8243;][vc_empty_space height=&#8221;3.7em&#8221; alter_height=&#8221;none&#8221; hide_on_mobile=&#8221;&#8221;][vc_icon icon_fontawesome=&#8221;icon-phone&#8221; size=&#8221;lg&#8221; align=&#8221;center&#8221;][vc_column_text] Telefon: +381648335077 [\/vc_column_text][\/vc_column][vc_column width=&#8221;1\/3&#8243;][vc_empty_space height=&#8221;3.7em&#8221; alter_height=&#8221;none&#8221; hide_on_mobile=&#8221;&#8221;][vc_icon icon_fontawesome=&#8221;icon-mail&#8221; size=&#8221;lg&#8221; align=&#8221;center&#8221;][vc_column_text] E-mail: manojlo@hemo.net [\/vc_column_text][\/vc_column][\/vc_row][vc_row][vc_column][vc_empty_space height=&#8221;10.2em&#8221; alter_height=&#8221;none&#8221; hide_on_mobile=&#8221;&#8221;][\/vc_column][\/vc_row]<\/p>\n","protected":false},"author":2,"featured_media":0,"parent":0,"menu_order":0,"comment_status":"closed","ping_status":"closed","template":"","meta":{"footnotes":""},"class_list":["post-180","page","type-page","status-publish","hentry"],"_links":{"self":[{"href":"https:\/\/snowteamvrsac.com\/index.php\/wp-json\/wp\/v2\/pages\/180"}],"collection":[{"href":"https:\/\/snowteamvrsac.com\/index.php\/wp-json\/wp\/v2\/pages"}],"about":[{"href":"https:\/\/snowteamvrsac.com\/index.php\/wp-json\/wp\/v2\/types\/page"}],"author":[{"embeddable":true,"href":"https:\/\/snowteamvrsac.com\/index.php\/wp-json\/wp\/v2\/users\/2"}],"replies":[{"embeddable":true,"href":"https:\/\/snowteamvrsac.com\/index.php\/wp-json\/wp\/v2\/comments?post=180"}],"version-history":[{"count":7,"href":"https:\/\/snowteamvrsac.com\/index.php\/wp-json\/wp\/v2\/pages\/180\/revisions"}],"predecessor-version":[{"id":1295,"href":"https:\/\/snowteamvrsac.com\/index.php\/wp-json\/wp\/v2\/pages\/180\/revisions\/1295"}],"wp:attachment":[{"href":"https:\/\/snowteamvrsac.com\/index.php\/wp-json\/wp\/v2\/media?parent=180"}],"curies":[{"name":"wp","href":"https:\/\/api.w.org\/{rel}","templated":true}]}}