{"id":254,"date":"2017-02-22T09:59:05","date_gmt":"2017-02-22T09:59:05","guid":{"rendered":"http:\/\/snow-club.dv.themerex.net\/?page_id=254"},"modified":"2024-09-26T10:03:17","modified_gmt":"2024-09-26T10:03:17","slug":"our-team","status":"publish","type":"page","link":"https:\/\/snowteamvrsac.com\/index.php\/our-team\/","title":{"rendered":"Na\u0161 tim"},"content":{"rendered":"<div class=\"wpb-content-wrapper\"><p>[vc_row full_width=&#8221;stretch_row_content_no_spaces&#8221; gap=&#8221;35&#8243; css_animation=&#8221;fadeInLeft&#8221;][vc_column width=&#8221;1\/2&#8243;][vc_empty_space height=&#8221;3em&#8221; alter_height=&#8221;none&#8221; hide_on_mobile=&#8221;1,2&#8243;][vc_empty_space height=&#8221;4.1em&#8221; alter_height=&#8221;none&#8221; hide_on_mobile=&#8221;&#8221;][vc_single_image image=&#8221;255&#8243; img_size=&#8221;full&#8221; alignment=&#8221;right&#8221;][\/vc_column][vc_column width=&#8221;1\/2&#8243;][vc_empty_space height=&#8221;3em&#8221; alter_height=&#8221;none&#8221; hide_on_mobile=&#8221;1,2&#8243;][vc_empty_space height=&#8221;4.8em&#8221; alter_height=&#8221;none&#8221; hide_on_mobile=&#8221;&#8221;]<div id=\"sc_content_1442087061\"\r\n\t\tclass=\"sc_content sc_content_default sc_float_left sc_content_width_1_2\"><h6 class=\"sc_item_subtitle sc_content_subtitle sc_align_left sc_item_title_style_default  sc_item_title_tag_h1\">O<\/h6><h1 class=\"sc_item_title sc_content_title sc_align_left sc_item_title_style_default sc_item_title_tag\">nama<\/h1><div class=\"sc_item_descr sc_content_descr sc_align_left\">Sportsko udru\u017eenje skija\u0161a \u201eSnow Team\u201c iz Vr\u0161ca je nevladina, nepoliti\u010dka i neprofitna sportska organizacija, osnovana kao sportsko udru\u017eenje u oblasti skijanja, snoubordinga i ekstremnih sportova. Nastojimo da popularizujemo skijanje i pribli\u017eimo zainteresovanima ovaj sport i zdrav na\u010din \u017eivota. Kroz na\u0161e aktivnosti prenosimo i promovi\u0161emo zdrav i kvalitetan \u017eivot, rekreativno bavljenje sportom, podsticanje timskog duha i razvoj zdravih navika.<\/div><div class=\"sc_content_container\">[vc_empty_space height=&#8221;1.2em&#8221; alter_height=&#8221;none&#8221; hide_on_mobile=&#8221;&#8221;]<div class=\"sc_item_button sc_button_wrap\"><a href=\"https:\/\/snowteamvrsac.com\/index.php\/about-us\/\" id=\"sc_button_643377430\" class=\"sc_button sc_button_size_large sc_button_hover_default sc_button_icon_left\"><span class=\"sc_button_text\"><span class=\"sc_button_title\">Vi\u0161e o nama<\/span><\/span><!-- \/.sc_button_text --><\/a><!-- \/.sc_button --><\/div><!-- \/.sc_item_button --><\/div><\/div><!-- \/.sc_content -->[\/vc_column][\/vc_row][vc_row][vc_column][vc_empty_space height=&#8221;3.6em&#8221; alter_height=&#8221;none&#8221; hide_on_mobile=&#8221;1,2&#8243;][\/vc_column][\/vc_row][vc_row full_width=&#8221;stretch_row&#8221; css_animation=&#8221;fadeInUp&#8221; css=&#8221;.vc_custom_1490303807247{background-image: url(https:\/\/snowteamvrsac.com\/wp-content\/uploads\/2017\/02\/team_bg.jpg?id=477) !important;}&#8221;][vc_column width=&#8221;3\/4&#8243;][vc_empty_space height=&#8221;6.8em&#8221; alter_height=&#8221;none&#8221; hide_on_mobile=&#8221;1,2&#8243;][vc_empty_space height=&#8221;13em&#8221; alter_height=&#8221;none&#8221; hide_on_mobile=&#8221;&#8221;]<div id=\"sc_title_1525178585\"\r\n\t\tclass=\"scheme_dark sc_title sc_title_default\"><h2 class=\"sc_item_title sc_title_title sc_align_left sc_item_title_style_default sc_item_title_tag\">Na\u0161 tim<\/h2><\/div><!-- \/.sc_title --><div class=\"sc_team sc_team_short sc_custom_team_1  vc_custom_1727344994042\"><div class=\"sc_team_columns sc_item_columns trx_addons_columns_wrap columns_padding_bottom\"><div class=\"trx_addons_column-1_2\"><div class=\"sc_team_item\">\r\n\t<div class=\"post_featured sc_team_item_thumb trx_addons_hover trx_addons_hover_style_zoomin\">\r\n\t\t\t\t\t\t\t\t\t\t<a href=\"https:\/\/snowteamvrsac.com\/index.php\/team\/dejan-manojlovic\/\" aria-hidden=\"true\"><img fetchpriority=\"high\" decoding=\"async\" width=\"370\" height=\"370\" src=\"https:\/\/snowteamvrsac.com\/wp-content\/uploads\/2017\/02\/photo-1-370x370.jpeg\" class=\"attachment-trx_addons-thumb-avatar size-trx_addons-thumb-avatar wp-post-image\" alt=\"Dejan Manojlovi\u0107\" srcset=\"https:\/\/snowteamvrsac.com\/wp-content\/uploads\/2017\/02\/photo-1-370x370.jpeg 370w, https:\/\/snowteamvrsac.com\/wp-content\/uploads\/2017\/02\/photo-1-150x150.jpeg 150w, https:\/\/snowteamvrsac.com\/wp-content\/uploads\/2017\/02\/photo-1-90x90.jpeg 90w, https:\/\/snowteamvrsac.com\/wp-content\/uploads\/2017\/02\/photo-1-100x100.jpeg 100w\" sizes=\"(max-width: 370px) 100vw, 370px\" \/><\/a>\r\n\t\t\t\t\t<div class=\"trx_addons_hover_mask\"><\/div><div class=\"trx_addons_hover_content\">\r\n\t\t\t\t\t\t\t\t<a href=\"https:\/\/snowteamvrsac.com\/index.php\/team\/dejan-manojlovic\/\" class=\"trx_addons_hover_icon trx_addons_hover_icon_link\"><\/a>\r\n\t\t\t\t\t\t\t\t<a href=\"https:\/\/snowteamvrsac.com\/wp-content\/uploads\/2017\/02\/photo-1-760x428.jpeg\" class=\"trx_addons_hover_icon trx_addons_hover_icon_zoom\"><\/a>\r\n\t\t\t\t\t\t\t<\/div><\/div>\t<div class=\"sc_team_item_info\">\r\n\t\t<div class=\"sc_team_item_header\">\r\n\t\t\t<h4 class=\"sc_team_item_title\"><a href=\"https:\/\/snowteamvrsac.com\/index.php\/team\/dejan-manojlovic\/\">Dejan Manojlovi\u0107<\/a><\/h4>\r\n\t\t\t<div class=\"sc_team_item_subtitle\">Predsednik udru\u017eenja<\/div>\r\n\t\t<\/div>\r\n\t<\/div>\r\n<\/div>\r\n<\/div><div class=\"trx_addons_column-1_2\"><div class=\"sc_team_item\">\r\n\t<div class=\"post_featured sc_team_item_thumb trx_addons_hover trx_addons_hover_style_zoomin\">\r\n\t\t\t\t\t\t\t\t\t\t<a href=\"https:\/\/snowteamvrsac.com\/index.php\/team\/boris-gorjup\/\" aria-hidden=\"true\"><img decoding=\"async\" width=\"370\" height=\"370\" src=\"https:\/\/snowteamvrsac.com\/wp-content\/uploads\/2017\/02\/photo-370x370.jpeg\" class=\"attachment-trx_addons-thumb-avatar size-trx_addons-thumb-avatar wp-post-image\" alt=\"Boris Gorjup\" srcset=\"https:\/\/snowteamvrsac.com\/wp-content\/uploads\/2017\/02\/photo-370x370.jpeg 370w, https:\/\/snowteamvrsac.com\/wp-content\/uploads\/2017\/02\/photo-150x150.jpeg 150w, https:\/\/snowteamvrsac.com\/wp-content\/uploads\/2017\/02\/photo-90x90.jpeg 90w, https:\/\/snowteamvrsac.com\/wp-content\/uploads\/2017\/02\/photo-100x100.jpeg 100w\" sizes=\"(max-width: 370px) 100vw, 370px\" \/><\/a>\r\n\t\t\t\t\t<div class=\"trx_addons_hover_mask\"><\/div><div class=\"trx_addons_hover_content\">\r\n\t\t\t\t\t\t\t\t<a href=\"https:\/\/snowteamvrsac.com\/index.php\/team\/boris-gorjup\/\" class=\"trx_addons_hover_icon trx_addons_hover_icon_link\"><\/a>\r\n\t\t\t\t\t\t\t\t<a href=\"https:\/\/snowteamvrsac.com\/wp-content\/uploads\/2017\/02\/photo-760x428.jpeg\" class=\"trx_addons_hover_icon trx_addons_hover_icon_zoom\"><\/a>\r\n\t\t\t\t\t\t\t<\/div><\/div>\t<div class=\"sc_team_item_info\">\r\n\t\t<div class=\"sc_team_item_header\">\r\n\t\t\t<h4 class=\"sc_team_item_title\"><a href=\"https:\/\/snowteamvrsac.com\/index.php\/team\/boris-gorjup\/\">Boris Gorjup<\/a><\/h4>\r\n\t\t\t<div class=\"sc_team_item_subtitle\">\u010clan Upravnog odbora<\/div>\r\n\t\t<\/div>\r\n\t<\/div>\r\n<\/div>\r\n<\/div><div class=\"trx_addons_column-1_2\"><div class=\"sc_team_item\">\r\n\t<div class=\"post_featured sc_team_item_thumb trx_addons_hover trx_addons_hover_style_zoomin\">\r\n\t\t\t\t\t\t\t\t\t\t<a href=\"https:\/\/snowteamvrsac.com\/index.php\/team\/aca-daskalob\/\" aria-hidden=\"true\"><img decoding=\"async\" width=\"370\" height=\"370\" src=\"https:\/\/snowteamvrsac.com\/wp-content\/uploads\/2017\/02\/AleksandarDaskalov-370x370.jpeg\" class=\"attachment-trx_addons-thumb-avatar size-trx_addons-thumb-avatar wp-post-image\" alt=\"Aleksandar Daskalov\" srcset=\"https:\/\/snowteamvrsac.com\/wp-content\/uploads\/2017\/02\/AleksandarDaskalov-370x370.jpeg 370w, https:\/\/snowteamvrsac.com\/wp-content\/uploads\/2017\/02\/AleksandarDaskalov-150x150.jpeg 150w, https:\/\/snowteamvrsac.com\/wp-content\/uploads\/2017\/02\/AleksandarDaskalov-90x90.jpeg 90w, https:\/\/snowteamvrsac.com\/wp-content\/uploads\/2017\/02\/AleksandarDaskalov-100x100.jpeg 100w\" sizes=\"(max-width: 370px) 100vw, 370px\" \/><\/a>\r\n\t\t\t\t\t<div class=\"trx_addons_hover_mask\"><\/div><div class=\"trx_addons_hover_content\">\r\n\t\t\t\t\t\t\t\t<a href=\"https:\/\/snowteamvrsac.com\/index.php\/team\/aca-daskalob\/\" class=\"trx_addons_hover_icon trx_addons_hover_icon_link\"><\/a>\r\n\t\t\t\t\t\t\t\t<a href=\"https:\/\/snowteamvrsac.com\/wp-content\/uploads\/2017\/02\/AleksandarDaskalov-760x428.jpeg\" class=\"trx_addons_hover_icon trx_addons_hover_icon_zoom\"><\/a>\r\n\t\t\t\t\t\t\t<\/div><\/div>\t<div class=\"sc_team_item_info\">\r\n\t\t<div class=\"sc_team_item_header\">\r\n\t\t\t<h4 class=\"sc_team_item_title\"><a href=\"https:\/\/snowteamvrsac.com\/index.php\/team\/aca-daskalob\/\">Aleksandar Daskalov<\/a><\/h4>\r\n\t\t\t<div class=\"sc_team_item_subtitle\">\u010clan Upravnog odbora<\/div>\r\n\t\t<\/div>\r\n\t<\/div>\r\n<\/div>\r\n<\/div><div class=\"trx_addons_column-1_2\"><div class=\"sc_team_item\">\r\n\t<div class=\"post_featured sc_team_item_thumb trx_addons_hover trx_addons_hover_style_zoomin\">\r\n\t\t\t\t\t\t\t\t\t\t<a href=\"https:\/\/snowteamvrsac.com\/index.php\/team\/nenad-anicic\/\" aria-hidden=\"true\"><img loading=\"lazy\" decoding=\"async\" width=\"370\" height=\"370\" src=\"https:\/\/snowteamvrsac.com\/wp-content\/uploads\/2024\/09\/NenadAnicic-370x370.jpeg\" class=\"attachment-trx_addons-thumb-avatar size-trx_addons-thumb-avatar wp-post-image\" alt=\"Nenad Ani\u010di\u0107\" srcset=\"https:\/\/snowteamvrsac.com\/wp-content\/uploads\/2024\/09\/NenadAnicic-370x370.jpeg 370w, https:\/\/snowteamvrsac.com\/wp-content\/uploads\/2024\/09\/NenadAnicic-150x150.jpeg 150w, https:\/\/snowteamvrsac.com\/wp-content\/uploads\/2024\/09\/NenadAnicic-90x90.jpeg 90w, https:\/\/snowteamvrsac.com\/wp-content\/uploads\/2024\/09\/NenadAnicic-100x100.jpeg 100w\" sizes=\"(max-width: 370px) 100vw, 370px\" \/><\/a>\r\n\t\t\t\t\t<div class=\"trx_addons_hover_mask\"><\/div><div class=\"trx_addons_hover_content\">\r\n\t\t\t\t\t\t\t\t<a href=\"https:\/\/snowteamvrsac.com\/index.php\/team\/nenad-anicic\/\" class=\"trx_addons_hover_icon trx_addons_hover_icon_link\"><\/a>\r\n\t\t\t\t\t\t\t\t<a href=\"https:\/\/snowteamvrsac.com\/wp-content\/uploads\/2024\/09\/NenadAnicic-760x428.jpeg\" class=\"trx_addons_hover_icon trx_addons_hover_icon_zoom\"><\/a>\r\n\t\t\t\t\t\t\t<\/div><\/div>\t<div class=\"sc_team_item_info\">\r\n\t\t<div class=\"sc_team_item_header\">\r\n\t\t\t<h4 class=\"sc_team_item_title\"><a href=\"https:\/\/snowteamvrsac.com\/index.php\/team\/nenad-anicic\/\">Nenad Ani\u010di\u0107<\/a><\/h4>\r\n\t\t\t<div class=\"sc_team_item_subtitle\">\u010clan Upravnog odbora<\/div>\r\n\t\t<\/div>\r\n\t<\/div>\r\n<\/div>\r\n<\/div><\/div><\/div><!-- \/.sc_team -->[vc_empty_space height=&#8221;11.2em&#8221; alter_height=&#8221;none&#8221; hide_on_mobile=&#8221;&#8221;][\/vc_column][vc_column width=&#8221;1\/4&#8243;][\/vc_column][\/vc_row][vc_row css_animation=&#8221;fadeInRight&#8221;][vc_column][vc_empty_space height=&#8221;8.2em&#8221; alter_height=&#8221;none&#8221; hide_on_mobile=&#8221;1&#8243;]<div class=\"sc_testimonials sc_testimonials_default\"><h2 class=\"sc_item_title sc_testimonials_title sc_align_center sc_item_title_style_default sc_item_title_tag\">Izjave u\u010desnika<\/h2><div class=\"sc_testimonials_slider sc_item_slider\tslider_swiper_outer slider_outer_controls slider_outer_controls_side slider_outer_nopagination slider_outer_one\">\r\n\t<div class=\"swiper-slider-container slider_swiper slider_noresize slider_controls slider_controls_side slider_nopagination slider_one\" data-slides-min-width=\"150\">\r\n\t\t<div class=\"slides swiper-wrapper sc_item_columns_1\"><div class=\"swiper-slide\"><div class=\"sc_testimonials_item\">\r\n\t<div class=\"sc_testimonials_item_content\"><p data-pm-slice=\"1 1 []\">Hvala Snow Team-u!<\/p>\n<p>Kao neko ko je imao lo\u0161e iskustvo sa prvim skijanjem, nije mi godinama<br \/>\npadalo na pamet da to sebi ponovo radim. Ogromni napori su ulo\u017eeni od<br \/>\nstrane \u010dlanova Snow Team-a, mojih prijatelja, da ponovo probam, ali<br \/>\nbord. To je sada moja manija!<\/p>\n<p>SNOW TEAM Saikou!<\/p>\n<\/div>\r\n\t<div class=\"sc_testimonials_item_author\">\r\n\t\t\t\t\t<div class=\"sc_testimonials_item_author_avatar\"><img loading=\"lazy\" decoding=\"async\" width=\"90\" height=\"90\" src=\"https:\/\/snowteamvrsac.com\/wp-content\/uploads\/2017\/02\/Screenshot-2024-10-17-at-09.44.44-90x90.png\" class=\"attachment-snow-club-thumb-tiny size-snow-club-thumb-tiny wp-post-image\" alt=\"Milan Ljubinkovi\u0107\" srcset=\"https:\/\/snowteamvrsac.com\/wp-content\/uploads\/2017\/02\/Screenshot-2024-10-17-at-09.44.44-90x90.png 90w, https:\/\/snowteamvrsac.com\/wp-content\/uploads\/2017\/02\/Screenshot-2024-10-17-at-09.44.44-150x150.png 150w, https:\/\/snowteamvrsac.com\/wp-content\/uploads\/2017\/02\/Screenshot-2024-10-17-at-09.44.44-100x100.png 100w, https:\/\/snowteamvrsac.com\/wp-content\/uploads\/2017\/02\/Screenshot-2024-10-17-at-09.44.44-370x370.png 370w\" sizes=\"(max-width: 90px) 100vw, 90px\" \/><\/div>\r\n\t\t\t\t<div class=\"sc_testimonials_item_author_data\">\r\n\t\t\t<h4 class=\"sc_testimonials_item_author_title\">Milan Ljubinkovi\u0107<\/h4>\r\n\t\t\t<div class=\"sc_testimonials_item_author_subtitle\"><\/div>\r\n\t\t<\/div>\r\n\t<\/div>\r\n<\/div>\r\n<\/div><div class=\"swiper-slide\"><div class=\"sc_testimonials_item\">\r\n\t<div class=\"sc_testimonials_item_content\"><p data-pm-slice=\"1 1 []\">Snow Team Vr\u0161ac &#8211; sa vama je sve lak\u0161e, lep\u0161e i lu\u0111e.<\/p>\n<p>Va\u0161a predanost i ljubav prema ovom sportu o\u010digledni su i inspirativni za<br \/>\nsve ljubitelje skijanja \u0161irom Srbije. Timski duh, besprekorna<br \/>\norganizacija i na\u010din na koji brinete o drugima, kao jedna velika<br \/>\nporodica, je ne\u0161to \u0161to vas izdvaja od mnogih drugih.<\/p>\n<p>To je zaista lepo videti! Va\u0161a pedantnost i posve\u0107enost su ono \u0161to \u010dini<br \/>\nva\u0161a zimovanja jedinstvenim i nezaboravnim. Nastavite da delite svoju<br \/>\nljubav prema skijanju i dobrom provodu sa svima oko vas i budite dodatna<br \/>\ninspiracija za sve one koji \u017eele da se bave ovim sportom.<\/p>\n<\/div>\r\n\t<div class=\"sc_testimonials_item_author\">\r\n\t\t\t\t\t<div class=\"sc_testimonials_item_author_avatar\"><img loading=\"lazy\" decoding=\"async\" width=\"90\" height=\"90\" src=\"https:\/\/snowteamvrsac.com\/wp-content\/uploads\/2017\/02\/MIlanJ-90x90.jpeg\" class=\"attachment-snow-club-thumb-tiny size-snow-club-thumb-tiny wp-post-image\" alt=\"Milan Antonijevi\u0107\" srcset=\"https:\/\/snowteamvrsac.com\/wp-content\/uploads\/2017\/02\/MIlanJ-90x90.jpeg 90w, https:\/\/snowteamvrsac.com\/wp-content\/uploads\/2017\/02\/MIlanJ-150x150.jpeg 150w, https:\/\/snowteamvrsac.com\/wp-content\/uploads\/2017\/02\/MIlanJ-100x100.jpeg 100w, https:\/\/snowteamvrsac.com\/wp-content\/uploads\/2017\/02\/MIlanJ-370x370.jpeg 370w\" sizes=\"(max-width: 90px) 100vw, 90px\" \/><\/div>\r\n\t\t\t\t<div class=\"sc_testimonials_item_author_data\">\r\n\t\t\t<h4 class=\"sc_testimonials_item_author_title\">Milan Antonijevi\u0107<\/h4>\r\n\t\t\t<div class=\"sc_testimonials_item_author_subtitle\"><\/div>\r\n\t\t<\/div>\r\n\t<\/div>\r\n<\/div>\r\n<\/div><div class=\"swiper-slide\"><div class=\"sc_testimonials_item\">\r\n\t<div class=\"sc_testimonials_item_content\"><p>Bilo je to zaista jedno divno iskustvo.<\/p>\n<p>Do\u0161ao sam iz Japana iz daleke Azije zbog posla u Srbiju. Kolega iz firme me je pozvao da se pridru\u017eim ekipi za odlazak na skijanje u Francusku. Naravno, da osim mene nije bilo drugih japanaca u ekipi, pa sam na po\u010detku bio pomalo nervozan. Me\u0111utim, svi su prema meni bili veoma ljubazni i u\u010dinili su da zajedni\u010dko provedeno vreme bude zaista jedno sjajno iskustvo.<\/p>\n<p>Bio sam deo ekipe koja bila sme\u0161tena u Meribelu, u ski regiji Tri doline u Francuskoj. Proveo sam nedelju dana sa ekipom Snow Team-a, sa osobama koje sam upoznao tek na po\u010detku putovanja.<br \/>\nSvakog dana skijanje je bilo kao iz snova, pored zajedni\u010dkog dru\u017eenja, odlaska na bazen, sa ovog skijanja nosim puno sjajnih uspomena.<\/p>\n<p>Ekipa je bila raznolika, od ozbiljnih skija\u0161a do rekreativaca. Vo\u017enja \u017ei\u010darom do vrha planine je uvek bila zanimljiva. Definitivno bih voleo ukoliko se uka\u017ee prilika da ponovo budem deo ekipe Snow Team.<\/p>\n<\/div>\r\n\t<div class=\"sc_testimonials_item_author\">\r\n\t\t\t\t\t<div class=\"sc_testimonials_item_author_avatar\"><img loading=\"lazy\" decoding=\"async\" width=\"90\" height=\"90\" src=\"https:\/\/snowteamvrsac.com\/wp-content\/uploads\/2024\/10\/Yuki-90x90.jpg\" class=\"attachment-snow-club-thumb-tiny size-snow-club-thumb-tiny wp-post-image\" alt=\"Yukinori Takahashi\" srcset=\"https:\/\/snowteamvrsac.com\/wp-content\/uploads\/2024\/10\/Yuki-90x90.jpg 90w, https:\/\/snowteamvrsac.com\/wp-content\/uploads\/2024\/10\/Yuki-300x300.jpg 300w, https:\/\/snowteamvrsac.com\/wp-content\/uploads\/2024\/10\/Yuki-150x150.jpg 150w, https:\/\/snowteamvrsac.com\/wp-content\/uploads\/2024\/10\/Yuki-768x768.jpg 768w, https:\/\/snowteamvrsac.com\/wp-content\/uploads\/2024\/10\/Yuki-370x370.jpg 370w, https:\/\/snowteamvrsac.com\/wp-content\/uploads\/2024\/10\/Yuki-760x760.jpg 760w, https:\/\/snowteamvrsac.com\/wp-content\/uploads\/2024\/10\/Yuki-600x600.jpg 600w, https:\/\/snowteamvrsac.com\/wp-content\/uploads\/2024\/10\/Yuki-100x100.jpg 100w, https:\/\/snowteamvrsac.com\/wp-content\/uploads\/2024\/10\/Yuki.jpg 828w\" sizes=\"(max-width: 90px) 100vw, 90px\" \/><\/div>\r\n\t\t\t\t<div class=\"sc_testimonials_item_author_data\">\r\n\t\t\t<h4 class=\"sc_testimonials_item_author_title\">Yukinori Takahashi<\/h4>\r\n\t\t\t<div class=\"sc_testimonials_item_author_subtitle\"><\/div>\r\n\t\t<\/div>\r\n\t<\/div>\r\n<\/div>\r\n<\/div><\/div><div class=\"slider_controls_wrap\"><a class=\"slider_prev swiper-button-prev\" href=\"#\"><\/a><a class=\"slider_next swiper-button-next\" href=\"#\"><\/a><\/div><\/div><\/div><\/div><!-- \/.sc_testimonials -->[vc_empty_space height=&#8221;11em&#8221; alter_height=&#8221;none&#8221; hide_on_mobile=&#8221;&#8221;][\/vc_column][\/vc_row]<\/p>\n<\/div>","protected":false},"excerpt":{"rendered":"<p>[vc_row full_width=&#8221;stretch_row_content_no_spaces&#8221; gap=&#8221;35&#8243; css_animation=&#8221;fadeInLeft&#8221;][vc_column width=&#8221;1\/2&#8243;][vc_empty_space height=&#8221;3em&#8221; alter_height=&#8221;none&#8221; hide_on_mobile=&#8221;1,2&#8243;][vc_empty_space height=&#8221;4.1em&#8221; alter_height=&#8221;none&#8221; hide_on_mobile=&#8221;&#8221;][vc_single_image image=&#8221;255&#8243; img_size=&#8221;full&#8221; alignment=&#8221;right&#8221;][\/vc_column][vc_column width=&#8221;1\/2&#8243;][vc_empty_space height=&#8221;3em&#8221; alter_height=&#8221;none&#8221; hide_on_mobile=&#8221;1,2&#8243;][vc_empty_space height=&#8221;4.8em&#8221; alter_height=&#8221;none&#8221; hide_on_mobile=&#8221;&#8221;][\/vc_column][\/vc_row][vc_row][vc_column][vc_empty_space height=&#8221;3.6em&#8221; alter_height=&#8221;none&#8221; hide_on_mobile=&#8221;1,2&#8243;][\/vc_column][\/vc_row][vc_row full_width=&#8221;stretch_row&#8221; css_animation=&#8221;fadeInUp&#8221; css=&#8221;.vc_custom_1490303807247{background-image: url(https:\/\/snowteamvrsac.com\/wp-content\/uploads\/2017\/02\/team_bg.jpg?id=477) !important;}&#8221;][vc_column width=&#8221;3\/4&#8243;][vc_empty_space height=&#8221;6.8em&#8221; alter_height=&#8221;none&#8221; hide_on_mobile=&#8221;1,2&#8243;][vc_empty_space height=&#8221;13em&#8221; alter_height=&#8221;none&#8221; hide_on_mobile=&#8221;&#8221;][vc_empty_space height=&#8221;11.2em&#8221; alter_height=&#8221;none&#8221; hide_on_mobile=&#8221;&#8221;][\/vc_column][vc_column width=&#8221;1\/4&#8243;][\/vc_column][\/vc_row][vc_row css_animation=&#8221;fadeInRight&#8221;][vc_column][vc_empty_space height=&#8221;8.2em&#8221; alter_height=&#8221;none&#8221; hide_on_mobile=&#8221;1&#8243;][vc_empty_space height=&#8221;11em&#8221; alter_height=&#8221;none&#8221; hide_on_mobile=&#8221;&#8221;][\/vc_column][\/vc_row]<\/p>\n","protected":false},"author":2,"featured_media":0,"parent":0,"menu_order":0,"comment_status":"closed","ping_status":"closed","template":"","meta":{"footnotes":""},"class_list":["post-254","page","type-page","status-publish","hentry"],"_links":{"self":[{"href":"https:\/\/snowteamvrsac.com\/index.php\/wp-json\/wp\/v2\/pages\/254"}],"collection":[{"href":"https:\/\/snowteamvrsac.com\/index.php\/wp-json\/wp\/v2\/pages"}],"about":[{"href":"https:\/\/snowteamvrsac.com\/index.php\/wp-json\/wp\/v2\/types\/page"}],"author":[{"embeddable":true,"href":"https:\/\/snowteamvrsac.com\/index.php\/wp-json\/wp\/v2\/users\/2"}],"replies":[{"embeddable":true,"href":"https:\/\/snowteamvrsac.com\/index.php\/wp-json\/wp\/v2\/comments?post=254"}],"version-history":[{"count":10,"href":"https:\/\/snowteamvrsac.com\/index.php\/wp-json\/wp\/v2\/pages\/254\/revisions"}],"predecessor-version":[{"id":1179,"href":"https:\/\/snowteamvrsac.com\/index.php\/wp-json\/wp\/v2\/pages\/254\/revisions\/1179"}],"wp:attachment":[{"href":"https:\/\/snowteamvrsac.com\/index.php\/wp-json\/wp\/v2\/media?parent=254"}],"curies":[{"name":"wp","href":"https:\/\/api.w.org\/{rel}","templated":true}]}}