{"id":334,"date":"2017-02-25T13:17:02","date_gmt":"2017-02-25T13:17:02","guid":{"rendered":"http:\/\/snow-club.dv.themerex.net\/?page_id=334"},"modified":"2024-12-11T13:10:32","modified_gmt":"2024-12-11T13:10:32","slug":"about-us","status":"publish","type":"page","link":"https:\/\/snowteamvrsac.com\/index.php\/about-us\/","title":{"rendered":"O nama"},"content":{"rendered":"<div class=\"wpb-content-wrapper\"><p>[vc_row full_width=&#8221;stretch_row_content_no_spaces&#8221; gap=&#8221;30&#8243; css_animation=&#8221;fadeInRight&#8221;][vc_column width=&#8221;6\/12&#8243;][vc_empty_space height=&#8221;8.8em&#8221; alter_height=&#8221;none&#8221; hide_on_mobile=&#8221;&#8221;]<div id=\"sc_content_1023488853\"\r\n\t\tclass=\"sc_content sc_content_default sc_float_right sc_content_width_1_2\"><h6 class=\"sc_item_subtitle sc_content_subtitle sc_align_left sc_item_title_style_default  sc_item_title_tag_h1\">Snowteam<\/h6><h1 class=\"sc_item_title sc_content_title sc_align_left sc_item_title_style_default sc_item_title_tag\">Vr\u0161ac<\/h1><div class=\"sc_item_descr sc_content_descr sc_align_left\"><p>\nSportsko udru\u017eenje skija\u0161a \u201eSnow Team\u201c iz Vr\u0161ca je nevladina, nepoliti\u010dka i neprofitna sportska organizacija, osnovana kao sportsko udru\u017eenje u oblasti skijanja, snoubordinga i ekstremnih sportova. Nastojimo da popularizujemo skijanje i pribli\u017eimo zainteresovanima ovaj sport i zdrav na\u010din \u017eivota. Kroz na\u0161e aktivnosti prenosimo i promovi\u0161emo zdrav i kvalitetan \u017eivot, rekreativno bavljenje sportom, podsticanje timskog duha i razvoj zdravih navika.<\/p>\n<p> Osnovni ciljevi i zadaci na\u0161eg udru\u017eenja su: <\/p>\n\n<ul class=\"trx_addons_list_success_circled\">\n \t<li>Da okuplja \u010dlanove svih uzrasta, prvenstveno omladinu i decu koji \u017eele svoje interesovanje za sport i rekreaciju, dru\u017eenje i drugo ostvaruju u prirodi, razvijaju\u0107i disciplinu, uzajamnost i me\u0111usobno po\u0161tovanje, drugarstvo, po\u0161tovanje prirodnih lepota i kulturnih znamenitosti<\/li>\n \t<li> Promovisanje ski sporta kao zdravog na\u010dina \u017eivota<\/li>\n \t<li>Osposobljavanje \u010dlanstva u tehni\u010dkim skija\u0161kim disciplinama, ekstremnim sportovima, kao i briga o o\u010duvanju i za\u0161titi prirode i \u010dovekove okoline<\/li>\n \t<li>Razvoj i usavr\u0161avanje bazi\u010dnih motori\u010dko-funkcionalnih sposobnosti, snage, brzine, izdr\u017eljivosti, koordinacije pokreta, fleksibilnosti, ravnote\u017ee, preciznosti putem ski treninga<\/li>\n<li>Navikavanje dece na sportski \u017eivot, te smanjenje \u0161tetnih dru\u0161tvenih uticaja karakteristi\u010dnih za dana\u0161nje vreme (droga, alkohol, cigarete) <\/li>\n<li>Stalna saradnja sa pojedincima (sportistima, trenerima i sportskim radnicima) <\/li>\n<\/ul>\nSvake sezone organizujemo zajedni\u010dka skijanja za na\u0161e \u010dlanove i sve ostale ljubitelje zimskih sportova koji \u017eele i mogu\u0107nosti su da nam se pridru\u017ee.\n\u201eSnow Team\u201c je \u010dlan Planinarskog saveza Srbije i Sportskog saveza grada Vr\u0161ca.<\/div><div class=\"sc_content_container\"><\/div><\/div><!-- \/.sc_content -->[\/vc_column][vc_column width=&#8221;1\/2&#8243; offset=&#8221;vc_hidden-xs&#8221;][vc_empty_space height=&#8221;9.3em&#8221; alter_height=&#8221;none&#8221; hide_on_mobile=&#8221;&#8221;][vc_single_image image=&#8221;618&#8243; img_size=&#8221;full&#8221; css=&#8221;.vc_custom_1490215867712{margin-right: -20% !important;}&#8221;][\/vc_column][\/vc_row][vc_row][vc_column][vc_empty_space height=&#8221;1.3em&#8221; alter_height=&#8221;none&#8221; hide_on_mobile=&#8221;&#8221;][\/vc_column][\/vc_row][vc_row][vc_column width=&#8221;1\/2&#8243;][vc_empty_space height=&#8221;9.3em&#8221; alter_height=&#8221;none&#8221; hide_on_mobile=&#8221;&#8221;][vc_single_image image=&#8221;1312&#8243; img_size=&#8221;full&#8221; css=&#8221;.vc_custom_1729155231583{margin-right: -20% !important;}&#8221;]<div id=\"sc_content_411368995\"\r\n\t\tclass=\"sc_content sc_content_default sc_float_right sc_content_width_1_2\"><h1 class=\"sc_item_title sc_content_title sc_align_left sc_item_title_style_default sc_item_title_tag\">ukoliko nemate krila<\/h1><div class=\"sc_item_descr sc_content_descr sc_align_left\">Skijanje je za mene prijateljstvo, nema boljeg povezivanja me\u0111u ljudima i na\u010dina da upoznate nekog nego na planini. Ono povezuje ljude bez obzira na nacionalnost, godine starosti ili znanje skijanja. To je putovanje u kome kreirate nezaboravna se\u0107anja koja traju i prilika da upoznate zanimljive ljude sa raznih strana sveta, druge kulture i obi\u010daje.\n<p>Skijanje je prilagodljiv sport kojim se mo\u017eete baviti bez obzira koliko godina imate, potrebna vam je dobra volja i \u017eelja da probate ne\u0161to novo i kad jednom nau\u010dite mo\u017eete skijati i u poznim godinama, samo smanjuju\u0107i i doziraju\u0107i brzinu spu\u0161tanja niz planinske vrhove. Za odlazak na skijanje se morate fizi\u010dki pripremiti odnosno dovesti telo u formu, naro\u010dito ako prvi put stajete na skije kad \u0107ete tro\u0161iti mnogo vi\u0161e snage i energije dok ne nau\u010dite. Preporu\u010dljivo je po\u010deti sa pripremama \u0161to ranije, \u010dak i nekoliko meseci pre odlaska na planinu.<\/p>\n<p>Predsednik sam udru\u017eenja skija\u0161a \u201eSnow Team Vr\u0161ac\u201c koje svake godine organizuje odlaske na skijanje za na\u0161e sugra\u0111ane. Osim ski centara u Srbiji i regionu (Kopaonik, Jahorina, Bansko, Krvavec), svakako bih izdvojio neverovatne Alpe i ski centre koje sam obi\u0161ao u Francuskoj (Les 3 Vall\u00e9es, Tignes, Val d'Iser, La Plagne, Les Arcs, Alpe d'Huez, Les 2 Alpes, Serre Chevalier, Montgen\u00e8vre, Val d'Allos), Italiji (Sestriere, Cervinia) i \u0160vajcarskoj (Zermatt).<\/p>\n<p>Mnogo lepih uspomena nosim u sebi i dobrih stvari koje mi je rekreativno bavljenje skijanjem donelo i zbog kojeg bih ga preporu\u010dio svima koji su u mogu\u0107nosti da probaju. Nemogu\u0107e je samo re\u010dima i slikama opisati emocije koje boravak na visokim planinskim vrhovima izaziva. Ako bih u jednoj re\u010denici mogao da ka\u017eem, rekao bih da je to ne\u0161to \u0161to me \u010dini nasmejanim i dobro raspolo\u017eenim. Skijanje nije samo hobi, to je strast, nije samo sport, to je na\u010din \u017eivota.<\/p><\/div><div class=\"sc_content_container\"><\/div><\/div><!-- \/.sc_content -->[\/vc_column][vc_column width=&#8221;1\/2&#8243;][vc_empty_space height=&#8221;1.3rm&#8221; alter_height=&#8221;none&#8221; hide_on_mobile=&#8221;&#8221;]<div id=\"sc_content_2041215772\"\r\n\t\tclass=\"sc_content sc_content_default sc_float_right sc_content_width_1_2\"><h6 class=\"sc_item_subtitle sc_content_subtitle sc_align_left sc_item_title_style_default  sc_item_title_tag_h1\">Skijanje je slede\u0107a najbolja stvar<\/h6><div class=\"sc_item_descr sc_content_descr sc_align_left\">Pre ne\u0161to vi\u0161e od deset godina, slu\u0161aju\u0107i lepa iskustva drugih i iz \u017eelje da probam ne\u0161to novo, skijanje je u\u0161lo u moj \u017eivot kao jedno fantasti\u010dno iskustvo. Kako ina\u010de volim sport, boravak u prirodi, zabavu i dru\u017eenje sa dragim ljudima, sve je to uticalo da budem redovan gost na sne\u017enim stazama.\n<p>Boravak na sve\u017eem vazduhu i suncu, na vrhu planine, pa \u010dak i kad je obla\u010dno, \u010dini da prirodni vitamin D pozitivno deluje ja\u010de od bilo kog suplementa koji mo\u017eete da uzmete. Provedeno vreme na otvorenom na velikim visinama \u0107e vas podmladiti i osve\u017eiti bolje nego bilo \u0161ta drugo.<\/p>\n<p>Skijanje je za mene fitnes, \u010dak i ne prime\u0107uju\u0107i postajete \u010dvr\u0161\u0107a i ja\u010da verzija sebe. Hodanje uz planinu, spu\u0161tanje niz staze, \u010dini da svi va\u0161i mi\u0161i\u0107i budu anga\u017eovani. Aerobne i kardiovaskularne ve\u017ebe koje upra\u017enjavate dok skijate, dokazano je da smanjuju nivo stresa u telu, dok zauzvrat stimuli\u0161u proizvodnju endorfina \u201ehormona sre\u0107e\u201c koji \u010dini da budemo smireni i dobro raspolo\u017eeni.<\/p>\n<p>Skijanje je za mene sloboda, kao neka forma meditacije, mo\u017eete se fokusirati samo na taj trenutak u kome se nalazite na stazi, na vrhu planine, zaboraviti sve probleme i u\u017eivati u ti\u0161ini. Skijanje ne pru\u017ea samo sportsko uzbu\u0111enje nego i apsolutno povezivanje sa prirodom. Postoji izreka da je skijanje slede\u0107a najbolja stvar ukoliko nemate krila. Kad se popnete na vrh planine i stojite na sve\u017eem snegu gledaju\u0107i nepregledne planinske vrhove svuda oko vas ose\u0107ate se kao u snu.<\/p><\/div><div class=\"sc_content_container\"><\/div><\/div><!-- \/.sc_content -->[vc_single_image image=&#8221;1314&#8243; img_size=&#8221;full&#8221; css=&#8221;.vc_custom_1729155254552{margin-right: -20% !important;}&#8221;][\/vc_column][\/vc_row][vc_row][vc_column][vc_empty_space height=&#8221;1.3em&#8221; alter_height=&#8221;none&#8221; hide_on_mobile=&#8221;&#8221;][\/vc_column][\/vc_row][vc_row full_width=&#8221;stretch_row_content_no_spaces&#8221; css_animation=&#8221;fadeInUp&#8221; row_delimiter=&#8221;&#8221; row_fixed=&#8221;&#8221; hide_on_tablet=&#8221;&#8221; hide_on_mobile=&#8221;&#8221; hide_on_frontpage=&#8221;&#8221; css=&#8221;.vc_custom_1490303453757{background-image: url(https:\/\/snowteamvrsac.com\/wp-content\/uploads\/2017\/02\/img_3.jpg?id=522) !important;background-position: center !important;background-repeat: no-repeat !important;background-size: cover !important;}&#8221;][vc_column icons_position=&#8221;left&#8221;][vc_empty_space height=&#8221;7em&#8221; alter_height=&#8221;none&#8221; hide_on_mobile=&#8221;1,2&#8243;][vc_empty_space height=&#8221;8.2em&#8221; alter_height=&#8221;none&#8221; hide_on_mobile=&#8221;&#8221;]<div id=\"sc_content_988227160\"\r\n\t\tclass=\"sc_content sc_content_default sc_float_center custom_content_1  vc_custom_1488489995187\"><div class=\"sc_content_container\">[vc_empty_space height=&#8221;20.5em&#8221; alter_height=&#8221;none&#8221; hide_on_mobile=&#8221;&#8221;]<div id=\"sc_title_698067312\"\r\n\t\tclass=\"sc_title sc_title_line  vc_custom_1727035785776\"><h3 class=\"sc_item_title sc_title_title sc_align_center sc_item_title_style_line sc_item_title_tag\">Poseti na\u0161 Youtube kanal<\/h3><\/div><!-- \/.sc_title --><div class=\"sc_item_button sc_button_wrap sc_float_center\"><a href=\"https:\/\/www.youtube.com\/@snowteamvrsac2626\" id=\"sc_button_1580875219\" class=\"sc_button sc_button_size_normal sc_button_hover_play sc_button_icon_left\"><\/a><!-- \/.sc_button --><\/div><!-- \/.sc_item_button -->[vc_empty_space height=&#8221;12.8em&#8221; alter_height=&#8221;none&#8221; hide_on_mobile=&#8221;&#8221;]<\/div><\/div><!-- \/.sc_content -->[vc_empty_space height=&#8221;5.6em&#8221; alter_height=&#8221;none&#8221; hide_on_mobile=&#8221;&#8221;][\/vc_column][\/vc_row][vc_row css_animation=&#8221;fadeInLeft&#8221;][vc_column][vc_empty_space height=&#8221;4em&#8221; alter_height=&#8221;none&#8221; hide_on_mobile=&#8221;&#8221;]<div id=\"sc_title_643573578\"\r\n\t\tclass=\"sc_title sc_title_default\"><h6 class=\"sc_item_subtitle sc_title_subtitle sc_align_center sc_item_title_style_default  sc_item_title_tag_h2\">Za\u0161to nas<\/h6><h2 class=\"sc_item_title sc_title_title sc_align_center sc_item_title_style_default sc_item_title_tag\">ljudi biraju<\/h2><\/div><!-- \/.sc_title -->[vc_empty_space height=&#8221;4em&#8221; alter_height=&#8221;none&#8221; hide_on_mobile=&#8221;&#8221;][\/vc_column][\/vc_row][vc_row full_width=&#8221;stretch_row_content_no_spaces&#8221; css_animation=&#8221;fadeInLeft&#8221;][vc_column width=&#8221;1\/12&#8243; offset=&#8221;vc_hidden-md vc_hidden-sm vc_hidden-xs&#8221;][\/vc_column][vc_column offset=&#8221;vc_col-lg-5 vc_col-md-6&#8243;][vc_single_image image=&#8221;633&#8243; img_size=&#8221;full&#8221; alignment=&#8221;right&#8221;][\/vc_column][vc_column offset=&#8221;vc_col-lg-5 vc_col-md-6&#8243;][vc_empty_space height=&#8221;3em&#8221; alter_height=&#8221;none&#8221; hide_on_mobile=&#8221;&#8221;][vc_empty_space height=&#8221;4.2em&#8221; alter_height=&#8221;none&#8221; hide_on_mobile=&#8221;1,2&#8243;]<div id=\"sc_title_1916529351\"\r\n\t\tclass=\"sc_title sc_title_underline\"><h4 class=\"sc_item_title sc_title_title sc_align_center sc_item_title_style_underline sc_item_title_tag\">Zato \u0161to smo uvek na planini<\/h4><div class=\"sc_item_descr sc_title_descr sc_align_center\">Udru\u017eenje u brojkama<\/div><\/div><!-- \/.sc_title --><div id=\"sc_skills_1099000237\"\r\n\t\tclass=\"sc_skills sc_skills_counter sc_custom_skills_1  vc_custom_1733922629557\"\r\n\t\t\t\tdata-type=\"counter\"\r\n\t\t><div class=\"sc_skills_columns sc_item_columns trx_addons_columns_wrap columns_padding_bottom\"><div class=\"sc_skills_column trx_addons_column-1_2\"><div class=\"sc_skills_item_wrap\"><div class=\"sc_skills_item\"><div class=\"sc_skills_total\" data-start=\"0\" data-stop=\"40\" data-step=\"1\" data-max=\"100\" data-speed=\"26\" data-duration=\"1040\" data-ed=\"\">0<\/div><\/div><div class=\"sc_skills_item_title\">Ukupan broj ski avantura<\/div><\/div><\/div><div class=\"sc_skills_column trx_addons_column-1_2\"><div class=\"sc_skills_item_wrap\"><div class=\"sc_skills_item\"><div class=\"sc_skills_total\" data-start=\"0\" data-stop=\"350\" data-step=\"1\" data-max=\"100\" data-speed=\"29\" data-duration=\"10150\" data-ed=\"\">0<\/div><\/div><div class=\"sc_skills_item_title\">Broj \u010dlanova udru\u017eenja<\/div><\/div><\/div><div class=\"sc_skills_column trx_addons_column-1_2\"><div class=\"sc_skills_item_wrap\"><div class=\"sc_skills_item\"><div class=\"sc_skills_total\" data-start=\"0\" data-stop=\"1000\" data-step=\"1\" data-max=\"100\" data-speed=\"33\" data-duration=\"33000\" data-ed=\"\">0<\/div><\/div><div class=\"sc_skills_item_title\">Ukupan broj u\u010desnika<\/div><\/div><\/div><\/div><\/div>[\/vc_column][vc_column width=&#8221;1\/12&#8243;][\/vc_column][\/vc_row][vc_row][vc_column][vc_empty_space height=&#8221;7.9em&#8221; alter_height=&#8221;none&#8221; hide_on_mobile=&#8221;&#8221;][\/vc_column][\/vc_row][vc_row full_width=&#8221;stretch_row&#8221; parallax=&#8221;content-moving&#8221; parallax_image=&#8221;910&#8243; parallax_speed_bg=&#8221;2&#8243; css_animation=&#8221;fadeInUp&#8221; scheme=&#8221;dark&#8221; css=&#8221;.vc_custom_1490488919074{background-image: url(https:\/\/snowteamvrsac.com\/wp-content\/uploads\/2017\/02\/bg_about1.jpg?id=340) !important;background-position: center;background-repeat: no-repeat !important;background-size: cover !important;}&#8221; el_class=&#8221;parallax_inherit st_2&#8243;][vc_column width=&#8221;2\/3&#8243;][vc_empty_space height=&#8221;15.3em&#8221; alter_height=&#8221;none&#8221; hide_on_mobile=&#8221;&#8221;]<div id=\"sc_title_44990445\"\r\n\t\tclass=\"sc_title sc_title_default\"><h6 class=\"sc_item_subtitle sc_title_subtitle sc_align_left sc_item_title_style_default \">Interesuje te<\/h6><h3 class=\"sc_item_title sc_title_title sc_align_left sc_item_title_style_default\">vi\u0161e<\/h3><div class=\"sc_item_descr sc_title_descr sc_align_left\"><h4 style=\"margin-top: 1.1em;\">Kontaktiraj nas<\/h4>\nNastojimo da popularizujemo skijanje i pribli\u017eimo zainteresovanima ovaj sport i zdrav na\u010din \u017eivota. Kroz na\u0161e aktivnosti prenosimo i promovi\u0161emo zdrav i kvalitetan \u017eivot, rekreativno bavljenje sportom, podsticanje timskog duha i razvoj zdravih navika..<\/div><\/div><!-- \/.sc_title -->[vc_empty_space height=&#8221;2.3em&#8221; alter_height=&#8221;none&#8221; hide_on_mobile=&#8221;&#8221;]<div class=\"sc_item_button sc_button_wrap\"><a href=\"https:\/\/snowteamvrsac.com\/index.php\/contacts\/\" id=\"sc_button_882309658\" class=\"sc_button sc_button_size_large sc_button_hover_default sc_button_icon_left\"><span class=\"sc_button_text\"><span class=\"sc_button_title\">Kontaktiraj nas<\/span><\/span><!-- \/.sc_button_text --><\/a><!-- \/.sc_button --><\/div><!-- \/.sc_item_button -->[vc_empty_space height=&#8221;13.5em&#8221; alter_height=&#8221;none&#8221; hide_on_mobile=&#8221;&#8221;][\/vc_column][vc_column width=&#8221;1\/3&#8243;][\/vc_column][\/vc_row]<\/p>\n<\/div>","protected":false},"excerpt":{"rendered":"<p>[vc_row full_width=&#8221;stretch_row_content_no_spaces&#8221; gap=&#8221;30&#8243; css_animation=&#8221;fadeInRight&#8221;][vc_column width=&#8221;6\/12&#8243;][vc_empty_space height=&#8221;8.8em&#8221; alter_height=&#8221;none&#8221; hide_on_mobile=&#8221;&#8221;][\/vc_column][vc_column width=&#8221;1\/2&#8243; offset=&#8221;vc_hidden-xs&#8221;][vc_empty_space height=&#8221;9.3em&#8221; alter_height=&#8221;none&#8221; hide_on_mobile=&#8221;&#8221;][vc_single_image image=&#8221;618&#8243; img_size=&#8221;full&#8221; css=&#8221;.vc_custom_1490215867712{margin-right: -20% !important;}&#8221;][\/vc_column][\/vc_row][vc_row][vc_column][vc_empty_space height=&#8221;1.3em&#8221; alter_height=&#8221;none&#8221; hide_on_mobile=&#8221;&#8221;][\/vc_column][\/vc_row][vc_row][vc_column width=&#8221;1\/2&#8243;][vc_empty_space height=&#8221;9.3em&#8221; alter_height=&#8221;none&#8221; hide_on_mobile=&#8221;&#8221;][vc_single_image image=&#8221;1312&#8243; img_size=&#8221;full&#8221; css=&#8221;.vc_custom_1729155231583{margin-right: -20% !important;}&#8221;][\/vc_column][vc_column width=&#8221;1\/2&#8243;][vc_empty_space height=&#8221;1.3rm&#8221; alter_height=&#8221;none&#8221; hide_on_mobile=&#8221;&#8221;][vc_single_image image=&#8221;1314&#8243; img_size=&#8221;full&#8221; css=&#8221;.vc_custom_1729155254552{margin-right: -20% !important;}&#8221;][\/vc_column][\/vc_row][vc_row][vc_column][vc_empty_space height=&#8221;1.3em&#8221; alter_height=&#8221;none&#8221; hide_on_mobile=&#8221;&#8221;][\/vc_column][\/vc_row][vc_row full_width=&#8221;stretch_row_content_no_spaces&#8221; css_animation=&#8221;fadeInUp&#8221; row_delimiter=&#8221;&#8221; row_fixed=&#8221;&#8221; hide_on_tablet=&#8221;&#8221; hide_on_mobile=&#8221;&#8221; hide_on_frontpage=&#8221;&#8221; css=&#8221;.vc_custom_1490303453757{background-image: url(https:\/\/snowteamvrsac.com\/wp-content\/uploads\/2017\/02\/img_3.jpg?id=522) !important;background-position: center !important;background-repeat: no-repeat !important;background-size: cover !important;}&#8221;][vc_column icons_position=&#8221;left&#8221;][vc_empty_space height=&#8221;7em&#8221;&hellip;<\/p>\n","protected":false},"author":2,"featured_media":0,"parent":0,"menu_order":0,"comment_status":"closed","ping_status":"closed","template":"","meta":{"footnotes":""},"class_list":["post-334","page","type-page","status-publish","hentry"],"_links":{"self":[{"href":"https:\/\/snowteamvrsac.com\/index.php\/wp-json\/wp\/v2\/pages\/334"}],"collection":[{"href":"https:\/\/snowteamvrsac.com\/index.php\/wp-json\/wp\/v2\/pages"}],"about":[{"href":"https:\/\/snowteamvrsac.com\/index.php\/wp-json\/wp\/v2\/types\/page"}],"author":[{"embeddable":true,"href":"https:\/\/snowteamvrsac.com\/index.php\/wp-json\/wp\/v2\/users\/2"}],"replies":[{"embeddable":true,"href":"https:\/\/snowteamvrsac.com\/index.php\/wp-json\/wp\/v2\/comments?post=334"}],"version-history":[{"count":28,"href":"https:\/\/snowteamvrsac.com\/index.php\/wp-json\/wp\/v2\/pages\/334\/revisions"}],"predecessor-version":[{"id":1593,"href":"https:\/\/snowteamvrsac.com\/index.php\/wp-json\/wp\/v2\/pages\/334\/revisions\/1593"}],"wp:attachment":[{"href":"https:\/\/snowteamvrsac.com\/index.php\/wp-json\/wp\/v2\/media?parent=334"}],"curies":[{"name":"wp","href":"https:\/\/api.w.org\/{rel}","templated":true}]}}