{"id":356,"date":"2017-02-25T14:30:32","date_gmt":"2017-02-25T14:30:32","guid":{"rendered":"http:\/\/snow-club.dv.themerex.net\/?page_id=356"},"modified":"2026-02-20T13:41:46","modified_gmt":"2026-02-20T13:41:46","slug":"home-1","status":"publish","type":"page","link":"https:\/\/snowteamvrsac.com\/","title":{"rendered":"Home 1"},"content":{"rendered":"<div class=\"wpb-content-wrapper\"><p>[vc_row full_width=&#8221;stretch_row_content_no_spaces&#8221;][vc_column][rev_slider_vc alias=&#8221;home2&#8243;][\/vc_column][\/vc_row][vc_row full_width=&#8221;stretch_row_content_no_spaces&#8221; css_animation=&#8221;fadeInUpBig&#8221; row_delimiter=&#8221;&#8221; row_fixed=&#8221;&#8221; hide_on_tablet=&#8221;&#8221; hide_on_mobile=&#8221;&#8221; hide_on_frontpage=&#8221;&#8221; css=&#8221;.vc_custom_1490304297073{background-image: url(https:\/\/snowteamvrsac.com\/wp-content\/uploads\/2017\/02\/img_bg_1-1.jpg?id=471) !important;background-position: center !important;background-repeat: no-repeat !important;background-size: cover !important;}&#8221;][vc_column][vc_empty_space height=&#8221;8em&#8221; alter_height=&#8221;none&#8221; hide_on_mobile=&#8221;&#8221;][vc_row_inner][vc_column_inner width=&#8221;1\/2&#8243;]<div id=\"sc_content_1196745622\"\r\n\t\tclass=\"sc_content sc_content_default sc_float_right  vc_custom_1733310262792 sc_content_width_1_2\"><h6 class=\"sc_item_subtitle sc_content_subtitle sc_align_left sc_item_title_style_default  sc_item_title_tag_h2\">Na\u0161e<\/h6><h2 class=\"sc_item_title sc_content_title sc_align_left sc_item_title_style_default sc_item_title_tag\">avanture<\/h2><div class=\"sc_item_descr sc_content_descr sc_align_left\">Snow Team Vr\u0161ac se svake godine trudi da iznenadi svoje sada\u0161nje ali i budu\u0107e \u010dlanove.\n<p>Posetite stranicu vesti kako biste pro\u010ditali reporta\u017ee sa na\u0161ih prethodnih avantura.<\/p><\/div><div class=\"sc_content_container\">[vc_empty_space height=&#8221;2.2em&#8221; alter_height=&#8221;none&#8221; hide_on_mobile=&#8221;&#8221;]<\/div><div class=\"sc_item_button sc_item_button_default sc_content_button sc_align_left sc_button_wrap\"><a href=\"https:\/\/snowteamvrsac.com\/index.php\/vesti\/\" id=\"sc_button_776086843\" class=\"sc_button sc_button_size_normal sc_button_hover_default sc_button_icon_left\"><span class=\"sc_button_text\"><span class=\"sc_button_title\">Prethodne avanture<\/span><\/span><!-- \/.sc_button_text --><\/a><!-- \/.sc_button --><\/div><!-- \/.sc_item_button sc_item_button_default sc_content_button sc_align_left --><\/div><!-- \/.sc_content -->[\/vc_column_inner][vc_column_inner width=&#8221;1\/2&#8243;][vc_single_image image=&#8221;454&#8243; img_size=&#8221;full&#8221;][\/vc_column_inner][\/vc_row_inner]<div id=\"sc_content_2139787574\"\r\n\t\tclass=\"sc_content sc_content_default sc_float_center  vc_custom_1664796032924\"><div class=\"sc_content_container\">[vc_empty_space height=&#8221;20.5em&#8221; alter_height=&#8221;none&#8221; hide_on_mobile=&#8221;&#8221;]<div id=\"sc_title_126299441\"\r\n\t\tclass=\"sc_title sc_title_line  vc_custom_1733310066775\"><h3 class=\"sc_item_title sc_title_title sc_align_center sc_item_title_style_line sc_item_title_tag\">Posetite na\u0161 YouTube kanal<\/h3><\/div><!-- \/.sc_title --><div class=\"sc_item_button sc_button_wrap sc_float_center\"><a href=\"https:\/\/www.youtube.com\/@snowteamvrsac2626\" id=\"sc_button_1941887857\" class=\"sc_button sc_button_size_normal sc_button_hover_play sc_button_icon_left\"><\/a><!-- \/.sc_button --><\/div><!-- \/.sc_item_button -->[vc_empty_space height=&#8221;12.8em&#8221; alter_height=&#8221;none&#8221; hide_on_mobile=&#8221;&#8221;]<\/div><\/div><!-- \/.sc_content -->[vc_empty_space height=&#8221;2.181em&#8221; alter_height=&#8221;none&#8221; hide_on_mobile=&#8221;&#8221;][\/vc_column][\/vc_row][vc_row full_width=&#8221;stretch_row&#8221; parallax=&#8221;content-moving&#8221; parallax_image=&#8221;859&#8243; parallax_speed_bg=&#8221;2&#8243; css_animation=&#8221;fadeInUp&#8221; css=&#8221;.vc_custom_1490484902038{background-image: url(https:\/\/snowteamvrsac.com\/wp-content\/uploads\/2017\/02\/team_bg.jpg?id=477) !important;}&#8221; el_class=&#8221;parallax_inherit&#8221;][vc_column width=&#8221;3\/4&#8243;][vc_empty_space height=&#8221;21em&#8221; alter_height=&#8221;none&#8221; hide_on_mobile=&#8221;&#8221;]<div id=\"sc_title_1902599342\"\r\n\t\tclass=\"scheme_dark sc_title sc_title_default\"><h2 class=\"sc_item_title sc_title_title sc_align_left sc_item_title_style_default sc_item_title_tag\">Na\u0161 tim<\/h2><\/div><!-- \/.sc_title --><div class=\"sc_team sc_team_short sc_custom_team_1  vc_custom_1727345492284\"><div class=\"sc_team_columns sc_item_columns trx_addons_columns_wrap columns_padding_bottom\"><div class=\"trx_addons_column-1_2\"><div class=\"sc_team_item\">\r\n\t<div class=\"post_featured sc_team_item_thumb trx_addons_hover trx_addons_hover_style_zoomin\">\r\n\t\t\t\t\t\t\t\t\t\t<a href=\"https:\/\/snowteamvrsac.com\/index.php\/team\/dejan-manojlovic\/\" aria-hidden=\"true\"><img fetchpriority=\"high\" decoding=\"async\" width=\"370\" height=\"370\" src=\"https:\/\/snowteamvrsac.com\/wp-content\/uploads\/2017\/02\/photo-1-370x370.jpeg\" class=\"attachment-trx_addons-thumb-avatar size-trx_addons-thumb-avatar wp-post-image\" alt=\"Dejan Manojlovi\u0107\" srcset=\"https:\/\/snowteamvrsac.com\/wp-content\/uploads\/2017\/02\/photo-1-370x370.jpeg 370w, https:\/\/snowteamvrsac.com\/wp-content\/uploads\/2017\/02\/photo-1-150x150.jpeg 150w, https:\/\/snowteamvrsac.com\/wp-content\/uploads\/2017\/02\/photo-1-90x90.jpeg 90w, https:\/\/snowteamvrsac.com\/wp-content\/uploads\/2017\/02\/photo-1-100x100.jpeg 100w\" sizes=\"(max-width: 370px) 100vw, 370px\" \/><\/a>\r\n\t\t\t\t\t<div class=\"trx_addons_hover_mask\"><\/div><div class=\"trx_addons_hover_content\">\r\n\t\t\t\t\t\t\t\t<a href=\"https:\/\/snowteamvrsac.com\/index.php\/team\/dejan-manojlovic\/\" class=\"trx_addons_hover_icon trx_addons_hover_icon_link\"><\/a>\r\n\t\t\t\t\t\t\t\t<a href=\"https:\/\/snowteamvrsac.com\/wp-content\/uploads\/2017\/02\/photo-1-760x428.jpeg\" class=\"trx_addons_hover_icon trx_addons_hover_icon_zoom\"><\/a>\r\n\t\t\t\t\t\t\t<\/div><\/div>\t<div class=\"sc_team_item_info\">\r\n\t\t<div class=\"sc_team_item_header\">\r\n\t\t\t<h4 class=\"sc_team_item_title\"><a href=\"https:\/\/snowteamvrsac.com\/index.php\/team\/dejan-manojlovic\/\">Dejan Manojlovi\u0107<\/a><\/h4>\r\n\t\t\t<div class=\"sc_team_item_subtitle\">Predsednik udru\u017eenja<\/div>\r\n\t\t<\/div>\r\n\t<\/div>\r\n<\/div>\r\n<\/div><div class=\"trx_addons_column-1_2\"><div class=\"sc_team_item\">\r\n\t<div class=\"post_featured sc_team_item_thumb trx_addons_hover trx_addons_hover_style_zoomin\">\r\n\t\t\t\t\t\t\t\t\t\t<a href=\"https:\/\/snowteamvrsac.com\/index.php\/team\/boris-gorjup\/\" aria-hidden=\"true\"><img decoding=\"async\" width=\"370\" height=\"370\" src=\"https:\/\/snowteamvrsac.com\/wp-content\/uploads\/2017\/02\/photo-370x370.jpeg\" class=\"attachment-trx_addons-thumb-avatar size-trx_addons-thumb-avatar wp-post-image\" alt=\"Boris Gorjup\" srcset=\"https:\/\/snowteamvrsac.com\/wp-content\/uploads\/2017\/02\/photo-370x370.jpeg 370w, https:\/\/snowteamvrsac.com\/wp-content\/uploads\/2017\/02\/photo-150x150.jpeg 150w, https:\/\/snowteamvrsac.com\/wp-content\/uploads\/2017\/02\/photo-90x90.jpeg 90w, https:\/\/snowteamvrsac.com\/wp-content\/uploads\/2017\/02\/photo-100x100.jpeg 100w\" sizes=\"(max-width: 370px) 100vw, 370px\" \/><\/a>\r\n\t\t\t\t\t<div class=\"trx_addons_hover_mask\"><\/div><div class=\"trx_addons_hover_content\">\r\n\t\t\t\t\t\t\t\t<a href=\"https:\/\/snowteamvrsac.com\/index.php\/team\/boris-gorjup\/\" class=\"trx_addons_hover_icon trx_addons_hover_icon_link\"><\/a>\r\n\t\t\t\t\t\t\t\t<a href=\"https:\/\/snowteamvrsac.com\/wp-content\/uploads\/2017\/02\/photo-760x428.jpeg\" class=\"trx_addons_hover_icon trx_addons_hover_icon_zoom\"><\/a>\r\n\t\t\t\t\t\t\t<\/div><\/div>\t<div class=\"sc_team_item_info\">\r\n\t\t<div class=\"sc_team_item_header\">\r\n\t\t\t<h4 class=\"sc_team_item_title\"><a href=\"https:\/\/snowteamvrsac.com\/index.php\/team\/boris-gorjup\/\">Boris Gorjup<\/a><\/h4>\r\n\t\t\t<div class=\"sc_team_item_subtitle\">\u010clan Upravnog odbora<\/div>\r\n\t\t<\/div>\r\n\t<\/div>\r\n<\/div>\r\n<\/div><div class=\"trx_addons_column-1_2\"><div class=\"sc_team_item\">\r\n\t<div class=\"post_featured sc_team_item_thumb trx_addons_hover trx_addons_hover_style_zoomin\">\r\n\t\t\t\t\t\t\t\t\t\t<a href=\"https:\/\/snowteamvrsac.com\/index.php\/team\/aca-daskalob\/\" aria-hidden=\"true\"><img decoding=\"async\" width=\"370\" height=\"370\" src=\"https:\/\/snowteamvrsac.com\/wp-content\/uploads\/2017\/02\/AleksandarDaskalov-370x370.jpeg\" class=\"attachment-trx_addons-thumb-avatar size-trx_addons-thumb-avatar wp-post-image\" alt=\"Aleksandar Daskalov\" srcset=\"https:\/\/snowteamvrsac.com\/wp-content\/uploads\/2017\/02\/AleksandarDaskalov-370x370.jpeg 370w, https:\/\/snowteamvrsac.com\/wp-content\/uploads\/2017\/02\/AleksandarDaskalov-150x150.jpeg 150w, https:\/\/snowteamvrsac.com\/wp-content\/uploads\/2017\/02\/AleksandarDaskalov-90x90.jpeg 90w, https:\/\/snowteamvrsac.com\/wp-content\/uploads\/2017\/02\/AleksandarDaskalov-100x100.jpeg 100w\" sizes=\"(max-width: 370px) 100vw, 370px\" \/><\/a>\r\n\t\t\t\t\t<div class=\"trx_addons_hover_mask\"><\/div><div class=\"trx_addons_hover_content\">\r\n\t\t\t\t\t\t\t\t<a href=\"https:\/\/snowteamvrsac.com\/index.php\/team\/aca-daskalob\/\" class=\"trx_addons_hover_icon trx_addons_hover_icon_link\"><\/a>\r\n\t\t\t\t\t\t\t\t<a href=\"https:\/\/snowteamvrsac.com\/wp-content\/uploads\/2017\/02\/AleksandarDaskalov-760x428.jpeg\" class=\"trx_addons_hover_icon trx_addons_hover_icon_zoom\"><\/a>\r\n\t\t\t\t\t\t\t<\/div><\/div>\t<div class=\"sc_team_item_info\">\r\n\t\t<div class=\"sc_team_item_header\">\r\n\t\t\t<h4 class=\"sc_team_item_title\"><a href=\"https:\/\/snowteamvrsac.com\/index.php\/team\/aca-daskalob\/\">Aleksandar Daskalov<\/a><\/h4>\r\n\t\t\t<div class=\"sc_team_item_subtitle\">\u010clan Upravnog odbora<\/div>\r\n\t\t<\/div>\r\n\t<\/div>\r\n<\/div>\r\n<\/div><div class=\"trx_addons_column-1_2\"><div class=\"sc_team_item\">\r\n\t<div class=\"post_featured sc_team_item_thumb trx_addons_hover trx_addons_hover_style_zoomin\">\r\n\t\t\t\t\t\t\t\t\t\t<a href=\"https:\/\/snowteamvrsac.com\/index.php\/team\/nenad-anicic\/\" aria-hidden=\"true\"><img loading=\"lazy\" decoding=\"async\" width=\"370\" height=\"370\" src=\"https:\/\/snowteamvrsac.com\/wp-content\/uploads\/2024\/09\/NenadAnicic-370x370.jpeg\" class=\"attachment-trx_addons-thumb-avatar size-trx_addons-thumb-avatar wp-post-image\" alt=\"Nenad Ani\u010di\u0107\" srcset=\"https:\/\/snowteamvrsac.com\/wp-content\/uploads\/2024\/09\/NenadAnicic-370x370.jpeg 370w, https:\/\/snowteamvrsac.com\/wp-content\/uploads\/2024\/09\/NenadAnicic-150x150.jpeg 150w, https:\/\/snowteamvrsac.com\/wp-content\/uploads\/2024\/09\/NenadAnicic-90x90.jpeg 90w, https:\/\/snowteamvrsac.com\/wp-content\/uploads\/2024\/09\/NenadAnicic-100x100.jpeg 100w\" sizes=\"(max-width: 370px) 100vw, 370px\" \/><\/a>\r\n\t\t\t\t\t<div class=\"trx_addons_hover_mask\"><\/div><div class=\"trx_addons_hover_content\">\r\n\t\t\t\t\t\t\t\t<a href=\"https:\/\/snowteamvrsac.com\/index.php\/team\/nenad-anicic\/\" class=\"trx_addons_hover_icon trx_addons_hover_icon_link\"><\/a>\r\n\t\t\t\t\t\t\t\t<a href=\"https:\/\/snowteamvrsac.com\/wp-content\/uploads\/2024\/09\/NenadAnicic-760x428.jpeg\" class=\"trx_addons_hover_icon trx_addons_hover_icon_zoom\"><\/a>\r\n\t\t\t\t\t\t\t<\/div><\/div>\t<div class=\"sc_team_item_info\">\r\n\t\t<div class=\"sc_team_item_header\">\r\n\t\t\t<h4 class=\"sc_team_item_title\"><a href=\"https:\/\/snowteamvrsac.com\/index.php\/team\/nenad-anicic\/\">Nenad Ani\u010di\u0107<\/a><\/h4>\r\n\t\t\t<div class=\"sc_team_item_subtitle\">\u010clan Upravnog odbora<\/div>\r\n\t\t<\/div>\r\n\t<\/div>\r\n<\/div>\r\n<\/div><\/div><\/div><!-- \/.sc_team -->[vc_empty_space height=&#8221;11.2em&#8221; alter_height=&#8221;none&#8221; hide_on_mobile=&#8221;&#8221;][\/vc_column][vc_column width=&#8221;1\/4&#8243;][\/vc_column][\/vc_row][vc_row css_animation=&#8221;fadeInLeft&#8221;][vc_column][vc_empty_space height=&#8221;3em&#8221; alter_height=&#8221;none&#8221; hide_on_mobile=&#8221;&#8221;]<div id=\"sc_title_1404647073\"\r\n\t\tclass=\"sc_title sc_title_default  vc_custom_1727077926146\"><h6 class=\"sc_item_subtitle sc_title_subtitle sc_align_center sc_item_title_style_default  sc_item_title_tag_h2\">Snowteam Vr\u0161ac<\/h6><h2 class=\"sc_item_title sc_title_title sc_align_center sc_item_title_style_default sc_item_title_tag\">Galerija slika<\/h2><\/div><!-- \/.sc_title -->[rev_slider_vc alias=&#8221;gallery&#8221;][vc_column_text css=&#8221;.vc_custom_1733310015243{margin-top: 2em !important;}&#8221;]<\/p>\n<h4 style=\"text-align: center;\"><small>Snow Team Vr\u0161ac &#8211; Na\u0161e najbolje avanture<\/small><\/h4>\n<p>[\/vc_column_text][vc_column_text css=&#8221;.vc_custom_1733309951528{margin-top: 3px !important;}&#8221;]<\/p>\n<p style=\"text-align: center;\">Proverite galeriju slika kako biste se upoznali sa na\u0161im prethodnim avanturama<\/p>\n<p>[\/vc_column_text][vc_empty_space height=&#8221;9.3em&#8221; alter_height=&#8221;none&#8221; hide_on_mobile=&#8221;&#8221;][\/vc_column][\/vc_row][vc_row full_width=&#8221;stretch_row&#8221; parallax=&#8221;content-moving&#8221; parallax_image=&#8221;869&#8243; parallax_speed_bg=&#8221;2&#8243; css_animation=&#8221;fadeInUp&#8221; el_class=&#8221;parallax_inherit st_1&#8243;][vc_column icons_position=&#8221;left&#8221;]<div class=\"sc_layouts sc_layouts_default sc_layouts_331\">[vc_row full_width=\"stretch_row_content_no_spaces\"][vc_column icons_position=\"left\"]<div style=\"width:;\" class=\"cqtooltip-wrapper \" data-opacity=\"1\" data-tooltipanimation=\"grow\" data-tooltipstyle=\"shadow\" data-trigger=\"\" data-maxwidth=\"204\" data-marginoffset=\"\" data-isdisplayall=\"specify\" data-displayednum=\"1\"><img decoding=\"async\" src=\"https:\/\/snowteamvrsac.com\/wp-content\/uploads\/2017\/02\/bg_hotspots.jpg\" alt=\"\" \/><div class=\"cq-hotspots\"><div class=\"hotspot-item  \" style=\"top:70%;left:54%;\" data-top=\"70%\" data-left=\"54%\"><a href=\"#\" class=\"cq-tooltip\" style=\"background-color:rgba(255,255,255,0.8);\" data-iconbg=\"rgba(255,255,255,0.8)\" data-tooltip=\"&lt;h6&gt;Pove\u0107ava fleksibilnost&lt;\/h6&gt;\r\n&lt;img class=&quot;aligncenter wp-image-299 size-full&quot; src=&quot;https:\/\/snowteamvrsac.com\/wp-content\/uploads\/2017\/02\/hotspot1.jpg&quot; width=&quot;400&quot; height=&quot;217&quot; \/&gt;\r\n&lt;p class=&quot;p1&quot;&gt;Skijanje je idealna prilika za rad na fleksibilnosti tela. Temeljno i redovno istezanje, kao i pokreti koie izvodite Prilikom skiiania oiacavaiu i razvla\u010de&quot; trbusniake, kose trbu\u0161njake i bokove. Uz skijanie \u0107ete mo\u0107i da obavljate svakodnevne obaveze lak\u0161e i sa znatno manje umora. Ne samo da \u0107e te imati super provod spustaju\u0107i se niz padine, ve\u0107 \u0107ete nesvesno pove\u0107avati fleksibilnost tela, smanjivati naprezanie mi\u0161i\u0107a i mogu\u0107nost uganu\u0107a.&lt;\/p&gt;\" data-arrowposition=\"\"><span style=\"background:rgba(221,51,51,0.8);\"><\/span><\/a><\/div><div class=\"hotspot-item  \" style=\"top:60%;left:88%;\" data-top=\"60%\" data-left=\"88%\"><a href=\"#\" class=\"cq-tooltip\" style=\"background-color:rgba(255,255,255,0.8);\" data-iconbg=\"rgba(255,255,255,0.8)\" data-tooltip=\"&lt;h6&gt;Pobolj\u0161ava raspolo\u017eenje&lt;\/h6&gt;\r\n&lt;img class=&quot;aligncenter wp-image-301 size-full&quot; src=&quot;https:\/\/snowteamvrsac.com\/wp-content\/uploads\/2017\/02\/hotspot2.jpg&quot; width=&quot;400&quot; height=&quot;217&quot; \/&gt;\r\n&lt;p class=&quot;p1&quot;&gt;Skijanje ne da samo pove\u0107ava fizi\u010dko i mentalno zdravlje poiedinaca, ve\u0107 uti\u010de na celokupnu sre\u0107u i raspolo\u017aenje bez obzira na u\u010destalost i trajanje skija\u0161kih aktivnosti. \u010cist planinski vazduh obezbedjuie ve\u0107i dotok kiseonika do mozga koii po\u010dinje da radi u drugacijem re\u017eimu nego kada ste u gradu. Kada tome dodate oslobadanje hormona - endorfina koji se poja\u010dano lu\u010di prilikom bavlienja sportom onda je jasno za\u0161to su svi nasmejani i raspolo\u017eeni na skija\u0161kim stazama.&lt;\/p&gt;\" data-arrowposition=\"top\"><span style=\"background:rgba(221,51,51,0.8);\"><\/span><\/a><\/div><div class=\"hotspot-item  \" style=\"top:78%;left:70%;\" data-top=\"78%\" data-left=\"70%\"><a href=\"#\" class=\"cq-tooltip\" style=\"background-color:rgba(255,255,255,0.8);\" data-iconbg=\"rgba(255,255,255,0.8)\" data-tooltip=\"&lt;h6&gt;Pove\u0107ava kardiovaskularnu izdr\u017eljivost&lt;\/h6&gt;\r\n&lt;img class=&quot;aligncenter wp-image-303 size-full&quot; src=&quot;https:\/\/snowteamvrsac.com\/wp-content\/uploads\/2017\/02\/hotspot3.jpg&quot; width=&quot;400&quot; height=&quot;217&quot; \/&gt;\r\n&lt;p class=&quot;p1&quot;&gt;Kombinacija ve\u0107e nadmorske visine, aerobne aktivnosti i povi\u0161enog broja otkucaja srca \u0107e pobolj\u0161ati zdravlje vaseg kardio vaskularnog sistema. Sa povi\u0161enim pulsom u telu \u0107e se pove\u0107avati cirkulacija krvi \u010dime vi\u0161e hranliivih supstanci i kiseonika sti\u017ee do mi\u0161i\u0107a istovremeno pomazu\u0107i da se br\u017ee uklone otpadne materije iz tela. Ovaj proces poma\u017ee da se kalorije sagorevaju br\u017ee.&lt;\/p&gt;\" data-arrowposition=\"top\"><span style=\"background:rgba(221,51,51,0.8);\"><\/span><\/a><\/div><div class=\"hotspot-item  \" style=\"top:38%;left:35%;\" data-top=\"38%\" data-left=\"35%\"><a href=\"#\" class=\"cq-tooltip\" style=\"background-color:rgba(255,255,255,0.8);\" data-iconbg=\"rgba(255,255,255,0.8)\" data-tooltip=\"&lt;h6&gt;Ja\u010da mi\u0161i\u0107 donjeg dela tela&lt;\/h6&gt;\r\n&lt;img class=&quot;aligncenter wp-image-304 size-full&quot; src=&quot;https:\/\/snowteamvrsac.com\/wp-content\/uploads\/2017\/02\/hotspot4.jpg&quot; width=&quot;400&quot; height=&quot;217&quot; \/&gt;\r\n&lt;p class=&quot;p1&quot;&gt;Zbog konstantnog specifi\u010dnog polo\u017eaja sli\u010dnom \u010du\u010dniu vezba\u0107ete unutra\u0161nje i spolja\u0161nje mi\u0161i\u0107e butina, kvadricepse, zadnju lo\u017eu, tetive i gluteus. Mo\u017eda ne\u0107ete, zbog adrenalina i lepote okru\u017eenja, primetiti da vam noge \u201egore&quot; ali efekte \u0107ete sigurno osetiti sutradan. Kako bi se smanjila mogu\u0107nost povrede, ali i upale toplo se preporu\u010duje zagrevanie i istezanje mi\u0161i\u0107a pre i poste skijania.&lt;\/p&gt;\" data-arrowposition=\"top\"><span style=\"background:rgba(221,51,51,0.8);\"><\/span><\/a><\/div><div class=\"hotspot-item  \" style=\"top:32%;left:72%;\" data-top=\"32%\" data-left=\"72%\"><a href=\"#\" class=\"cq-tooltip\" style=\"background-color:rgba(255,255,255,0.8);\" data-iconbg=\"rgba(255,255,255,0.8)\" data-tooltip=\"&lt;h6&gt;Promovi\u0161e zdravu ishranu&lt;\/h6&gt;\r\n&lt;img class=&quot;aligncenter wp-image-305 size-full&quot; src=&quot;https:\/\/snowteamvrsac.com\/wp-content\/uploads\/2017\/02\/hotspot5.jpg&quot; width=&quot;400&quot; height=&quot;217&quot; \/&gt;\r\n&lt;p class=&quot;p1&quot;&gt;Kako se suo\u010davate sa izrazito zahtevnim sportom vi\u0161e \u0107ete obratiti pa\u017enje na \u201epunjenje baterija&quot;.\u00a0 Tako da je po\u017eeljno da se ishrana sastoji od vi\u0161e proteina, zdravih masti, vo\u0107a i povr\u0107a, a manje \u0161e\u0107era i nezdravih grickalica punih hemije. Takodje, vi\u0161e se obra\u0107a pa\u017enja na hidrataciju. Neretko ovakav vid ishrane skija\u0161i zadr\u017eavaju i dugo nakon zavr\u0161etka sezone&lt;\/p&gt;\" data-arrowposition=\"top\"><span style=\"background:rgba(221,51,51,0.8);\"><\/span><\/a><\/div><\/div><\/div>[\/vc_column][\/vc_row]<\/div><div id=\"sc_title_394495983\"\r\n\t\tclass=\"scheme_dark sc_title sc_title_default sc_custom_title_1\"><h6 class=\"sc_item_subtitle sc_title_subtitle sc_align_left sc_item_title_style_default  sc_item_title_tag_h2\">Za\u0161to<\/h6><h2 class=\"sc_item_title sc_title_title sc_align_left sc_item_title_style_default sc_item_title_tag\">skijanje i snowboard<\/h2><\/div><!-- \/.sc_title -->[\/vc_column][\/vc_row][vc_row css_animation=&#8221;fadeInRight&#8221;][vc_column][vc_empty_space height=&#8221;7.9em&#8221; alter_height=&#8221;none&#8221; hide_on_mobile=&#8221;&#8221;][vc_empty_space height=&#8221;3.5em&#8221; alter_height=&#8221;none&#8221; hide_on_mobile=&#8221;&#8221;][\/vc_column][\/vc_row]<\/p>\n<\/div>","protected":false},"excerpt":{"rendered":"<p>[vc_row full_width=&#8221;stretch_row_content_no_spaces&#8221;][vc_column][rev_slider_vc alias=&#8221;home2&#8243;][\/vc_column][\/vc_row][vc_row full_width=&#8221;stretch_row_content_no_spaces&#8221; css_animation=&#8221;fadeInUpBig&#8221; row_delimiter=&#8221;&#8221; row_fixed=&#8221;&#8221; hide_on_tablet=&#8221;&#8221; hide_on_mobile=&#8221;&#8221; hide_on_frontpage=&#8221;&#8221; css=&#8221;.vc_custom_1490304297073{background-image: url(https:\/\/snowteamvrsac.com\/wp-content\/uploads\/2017\/02\/img_bg_1-1.jpg?id=471) !important;background-position: center !important;background-repeat: no-repeat !important;background-size: cover !important;}&#8221;][vc_column][vc_empty_space height=&#8221;8em&#8221; alter_height=&#8221;none&#8221; hide_on_mobile=&#8221;&#8221;][vc_row_inner][vc_column_inner width=&#8221;1\/2&#8243;][\/vc_column_inner][vc_column_inner width=&#8221;1\/2&#8243;][vc_single_image image=&#8221;454&#8243; img_size=&#8221;full&#8221;][\/vc_column_inner][\/vc_row_inner][vc_empty_space height=&#8221;2.181em&#8221; alter_height=&#8221;none&#8221; hide_on_mobile=&#8221;&#8221;][\/vc_column][\/vc_row][vc_row full_width=&#8221;stretch_row&#8221; parallax=&#8221;content-moving&#8221; parallax_image=&#8221;859&#8243; parallax_speed_bg=&#8221;2&#8243; css_animation=&#8221;fadeInUp&#8221; css=&#8221;.vc_custom_1490484902038{background-image: url(https:\/\/snowteamvrsac.com\/wp-content\/uploads\/2017\/02\/team_bg.jpg?id=477) !important;}&#8221; el_class=&#8221;parallax_inherit&#8221;][vc_column width=&#8221;3\/4&#8243;][vc_empty_space height=&#8221;21em&#8221; alter_height=&#8221;none&#8221; hide_on_mobile=&#8221;&#8221;][vc_empty_space height=&#8221;11.2em&#8221; alter_height=&#8221;none&#8221; hide_on_mobile=&#8221;&#8221;][\/vc_column][vc_column width=&#8221;1\/4&#8243;][\/vc_column][\/vc_row][vc_row css_animation=&#8221;fadeInLeft&#8221;][vc_column][vc_empty_space height=&#8221;3em&#8221; alter_height=&#8221;none&#8221; hide_on_mobile=&#8221;&#8221;][rev_slider_vc alias=&#8221;gallery&#8221;][vc_column_text css=&#8221;.vc_custom_1733310015243{margin-top: 2em !important;}&#8221;] Snow Team Vr\u0161ac &#8211; Na\u0161e najbolje&hellip;<\/p>\n","protected":false},"author":2,"featured_media":0,"parent":0,"menu_order":0,"comment_status":"closed","ping_status":"closed","template":"","meta":{"footnotes":""},"class_list":["post-356","page","type-page","status-publish","hentry"],"_links":{"self":[{"href":"https:\/\/snowteamvrsac.com\/index.php\/wp-json\/wp\/v2\/pages\/356"}],"collection":[{"href":"https:\/\/snowteamvrsac.com\/index.php\/wp-json\/wp\/v2\/pages"}],"about":[{"href":"https:\/\/snowteamvrsac.com\/index.php\/wp-json\/wp\/v2\/types\/page"}],"author":[{"embeddable":true,"href":"https:\/\/snowteamvrsac.com\/index.php\/wp-json\/wp\/v2\/users\/2"}],"replies":[{"embeddable":true,"href":"https:\/\/snowteamvrsac.com\/index.php\/wp-json\/wp\/v2\/comments?post=356"}],"version-history":[{"count":21,"href":"https:\/\/snowteamvrsac.com\/index.php\/wp-json\/wp\/v2\/pages\/356\/revisions"}],"predecessor-version":[{"id":1746,"href":"https:\/\/snowteamvrsac.com\/index.php\/wp-json\/wp\/v2\/pages\/356\/revisions\/1746"}],"wp:attachment":[{"href":"https:\/\/snowteamvrsac.com\/index.php\/wp-json\/wp\/v2\/media?parent=356"}],"curies":[{"name":"wp","href":"https:\/\/api.w.org\/{rel}","templated":true}]}}